{"id":956,"date":"2023-02-17T15:52:13","date_gmt":"2023-02-17T15:52:13","guid":{"rendered":"https:\/\/library.startertemplatecloud.com\/g19\/?page_id=956"},"modified":"2023-12-08T09:49:45","modified_gmt":"2023-12-08T09:49:45","slug":"special-offers","status":"publish","type":"page","link":"https:\/\/ecohotelelite.com\/en\/special-offers\/","title":{"rendered":"Special Offers"},"content":{"rendered":"<style>.kb-row-layout-id956_4a0d1e-b8 > .kt-row-column-wrap{align-content:start;}:where(.kb-row-layout-id956_4a0d1e-b8 > .kt-row-column-wrap) > .wp-block-kadence-column{justify-content:start;}.kb-row-layout-id956_4a0d1e-b8 > .kt-row-column-wrap{column-gap:var(--global-kb-gap-md, 2rem);row-gap:var(--global-kb-gap-md, 2rem);max-width:700px;margin-left:auto;margin-right:auto;padding-top:var(--global-kb-spacing-5xl, 10rem);padding-bottom:var(--global-kb-spacing-xxl, 5rem);grid-template-columns:minmax(0, 1fr);}.kb-row-layout-id956_4a0d1e-b8{background-image:url('https:\/\/ecohotelelite.com\/wp-content\/uploads\/2023\/11\/eco-hotel-kolasin.webp');background-size:cover;background-position:56.00000000000001% 57.99999999999999%;background-attachment:scroll;background-repeat:no-repeat;}.kb-row-layout-id956_4a0d1e-b8 > .kt-row-layout-overlay{opacity:0.60;background-color:var(--global-palette3, #1A202C);mix-blend-mode:normal;}@media all and (max-width: 1024px){.kb-row-layout-id956_4a0d1e-b8 > .kt-row-column-wrap{grid-template-columns:minmax(0, 1fr);}}@media all and (max-width: 767px){.kb-row-layout-id956_4a0d1e-b8 > .kt-row-column-wrap{grid-template-columns:minmax(0, 1fr);}}<\/style><div class=\"kb-row-layout-wrap kb-row-layout-id956_4a0d1e-b8 alignnone kt-row-has-bg wp-block-kadence-rowlayout\"><div class=\"kt-row-layout-overlay kt-row-overlay-normal\"><\/div><div class=\"kt-row-column-wrap kt-has-1-columns kt-row-layout-equal kt-tab-layout-inherit kt-mobile-layout-row kt-row-valign-top\">\n<style>.kadence-column956_58041a-f4 > .kt-inside-inner-col,.kadence-column956_58041a-f4 > .kt-inside-inner-col:before{border-top-left-radius:0px;border-top-right-radius:0px;border-bottom-right-radius:0px;border-bottom-left-radius:0px;}.kadence-column956_58041a-f4 > .kt-inside-inner-col{column-gap:var(--global-kb-gap-sm, 1rem);}.kadence-column956_58041a-f4 > .kt-inside-inner-col{flex-direction:column;}.kadence-column956_58041a-f4 > .kt-inside-inner-col > .aligncenter{width:100%;}.kadence-column956_58041a-f4 > .kt-inside-inner-col:before{opacity:0.3;}.kadence-column956_58041a-f4{position:relative;}@media all and (max-width: 1024px){.kadence-column956_58041a-f4 > .kt-inside-inner-col{flex-direction:column;justify-content:center;}}@media all and (max-width: 767px){.kadence-column956_58041a-f4 > .kt-inside-inner-col{flex-direction:column;justify-content:center;}}<\/style>\n<div class=\"wp-block-kadence-column kadence-column956_58041a-f4\"><div class=\"kt-inside-inner-col\"><style>.wp-block-kadence-advancedheading.kt-adv-heading956_806496-c3, .wp-block-kadence-advancedheading.kt-adv-heading956_806496-c3[data-kb-block=\"kb-adv-heading956_806496-c3\"]{text-align:center;font-style:normal;}.wp-block-kadence-advancedheading.kt-adv-heading956_806496-c3 mark.kt-highlight, .wp-block-kadence-advancedheading.kt-adv-heading956_806496-c3[data-kb-block=\"kb-adv-heading956_806496-c3\"] mark.kt-highlight{font-style:normal;color:#f76a0c;-webkit-box-decoration-break:clone;box-decoration-break:clone;padding-top:0px;padding-right:0px;padding-bottom:0px;padding-left:0px;}.wp-block-kadence-advancedheading.kt-adv-heading956_806496-c3 img.kb-inline-image, .wp-block-kadence-advancedheading.kt-adv-heading956_806496-c3[data-kb-block=\"kb-adv-heading956_806496-c3\"] img.kb-inline-image{width:150px;vertical-align:baseline;}<\/style>\n<h2 class=\"kt-adv-heading956_806496-c3 wp-block-kadence-advancedheading has-theme-palette-9-color has-text-color\" data-kb-block=\"kb-adv-heading956_806496-c3\">Specijalne Ponude<\/h2>\n<\/div><\/div>\n\n<\/div><\/div>\n\n<style>.kb-row-layout-id956_4dc0b4-c2 > .kt-row-column-wrap{align-content:start;}:where(.kb-row-layout-id956_4dc0b4-c2 > .kt-row-column-wrap) > .wp-block-kadence-column{justify-content:start;}.kb-row-layout-id956_4dc0b4-c2 > .kt-row-column-wrap{column-gap:var(--global-kb-gap-lg, 4rem);row-gap:var(--global-kb-gap-md, 2rem);max-width:var( --global-content-width, 1290px );padding-left:var(--global-content-edge-padding);padding-right:var(--global-content-edge-padding);padding-top:var(--global-kb-spacing-xl, 4rem);padding-bottom:var(--global-kb-spacing-xl, 4rem);grid-template-columns:minmax(0, calc(60% - ((var(--global-kb-gap-lg, 4rem) * 1 )\/2)))minmax(0, calc(40% - ((var(--global-kb-gap-lg, 4rem) * 1 )\/2)));}.kb-row-layout-id956_4dc0b4-c2 > .kt-row-layout-overlay{opacity:0.30;}@media all and (max-width: 1024px){.kb-row-layout-id956_4dc0b4-c2 > .kt-row-column-wrap{grid-template-columns:minmax(0, 1fr);}}@media all and (max-width: 767px){.kb-row-layout-id956_4dc0b4-c2 > .kt-row-column-wrap{grid-template-columns:minmax(0, 1fr);}}<\/style><div class=\"kb-row-layout-wrap kb-row-layout-id956_4dc0b4-c2 alignnone wp-block-kadence-rowlayout\"><div class=\"kt-row-column-wrap kt-has-2-columns kt-row-layout-equal kt-tab-layout-row kt-mobile-layout-row kt-row-valign-top kt-inner-column-height-full kb-theme-content-width\">\n<style>.kadence-column956_665d5e-9c > .kt-inside-inner-col{padding-top:0px;padding-right:0px;padding-bottom:0px;padding-left:0px;}.kadence-column956_665d5e-9c > .kt-inside-inner-col,.kadence-column956_665d5e-9c > .kt-inside-inner-col:before{border-top-left-radius:7px;border-top-right-radius:7px;border-bottom-right-radius:7px;border-bottom-left-radius:7px;}.kadence-column956_665d5e-9c > .kt-inside-inner-col{column-gap:var(--global-kb-gap-sm, 1rem);}.kadence-column956_665d5e-9c > .kt-inside-inner-col{flex-direction:column;}.kadence-column956_665d5e-9c > .kt-inside-inner-col > .aligncenter{width:100%;}.kadence-column956_665d5e-9c > .kt-inside-inner-col:before{opacity:0.3;}.kadence-column956_665d5e-9c{position:relative;}.kadence-column956_665d5e-9c, .kt-inside-inner-col > .kadence-column956_665d5e-9c:not(.specificity){margin-top:0px;margin-right:0px;margin-bottom:0px;margin-left:0px;}@media all and (max-width: 1024px){.kadence-column956_665d5e-9c > .kt-inside-inner-col{flex-direction:column;justify-content:center;}}@media all and (max-width: 767px){.kadence-column956_665d5e-9c > .kt-inside-inner-col{flex-direction:column;justify-content:center;}}<\/style>\n<div class=\"wp-block-kadence-column kadence-column956_665d5e-9c inner-column-1\"><div class=\"kt-inside-inner-col\"><style>.kb-image956_3c722d-b3 .kb-image-has-overlay:after{opacity:0.3;border-top-left-radius:10px;border-top-right-radius:10px;border-bottom-right-radius:10px;border-bottom-left-radius:10px;}.kb-image956_3c722d-b3 img.kb-img, .kb-image956_3c722d-b3 .kb-img img{border-top-left-radius:10px;border-top-right-radius:10px;border-bottom-right-radius:10px;border-bottom-left-radius:10px;}<\/style>\n<figure class=\"wp-block-kadence-image kb-image956_3c722d-b3\"><img loading=\"lazy\" decoding=\"async\" width=\"1280\" height=\"853\" src=\"https:\/\/ecohotelelite.com\/wp-content\/uploads\/2023\/12\/docek-nove-godine-eco-hotel-elite.jpg\" alt=\"\" class=\"kb-img wp-image-1302\" srcset=\"https:\/\/ecohotelelite.com\/wp-content\/uploads\/2023\/12\/docek-nove-godine-eco-hotel-elite.jpg 1280w, https:\/\/ecohotelelite.com\/wp-content\/uploads\/2023\/12\/docek-nove-godine-eco-hotel-elite-300x200.jpg 300w, https:\/\/ecohotelelite.com\/wp-content\/uploads\/2023\/12\/docek-nove-godine-eco-hotel-elite-1024x682.jpg 1024w, https:\/\/ecohotelelite.com\/wp-content\/uploads\/2023\/12\/docek-nove-godine-eco-hotel-elite-768x512.jpg 768w\" sizes=\"auto, (max-width: 1280px) 100vw, 1280px\" \/><\/figure>\n<\/div><\/div>\n\n\n<style>.kadence-column956_0e3e74-60 > .kt-inside-inner-col,.kadence-column956_0e3e74-60 > .kt-inside-inner-col:before{border-top-left-radius:0px;border-top-right-radius:0px;border-bottom-right-radius:0px;border-bottom-left-radius:0px;}.kadence-column956_0e3e74-60 > .kt-inside-inner-col{column-gap:var(--global-kb-gap-sm, 1rem);}.kadence-column956_0e3e74-60 > .kt-inside-inner-col{flex-direction:column;}.kadence-column956_0e3e74-60 > .kt-inside-inner-col > .aligncenter{width:100%;}.kadence-column956_0e3e74-60 > .kt-inside-inner-col:before{opacity:0.3;}.kadence-column956_0e3e74-60{position:relative;}@media all and (max-width: 1024px){.kadence-column956_0e3e74-60 > .kt-inside-inner-col{flex-direction:column;justify-content:center;}}@media all and (max-width: 767px){.kadence-column956_0e3e74-60 > .kt-inside-inner-col{flex-direction:column;justify-content:center;}}<\/style>\n<div class=\"wp-block-kadence-column kadence-column956_0e3e74-60 inner-column-2\"><div class=\"kt-inside-inner-col\"><style>.wp-block-kadence-advancedheading.kt-adv-heading956_a6fee2-49, .wp-block-kadence-advancedheading.kt-adv-heading956_a6fee2-49[data-kb-block=\"kb-adv-heading956_a6fee2-49\"]{font-style:normal;}.wp-block-kadence-advancedheading.kt-adv-heading956_a6fee2-49 mark.kt-highlight, .wp-block-kadence-advancedheading.kt-adv-heading956_a6fee2-49[data-kb-block=\"kb-adv-heading956_a6fee2-49\"] mark.kt-highlight{font-style:normal;color:#f76a0c;-webkit-box-decoration-break:clone;box-decoration-break:clone;padding-top:0px;padding-right:0px;padding-bottom:0px;padding-left:0px;}.wp-block-kadence-advancedheading.kt-adv-heading956_a6fee2-49 img.kb-inline-image, .wp-block-kadence-advancedheading.kt-adv-heading956_a6fee2-49[data-kb-block=\"kb-adv-heading956_a6fee2-49\"] img.kb-inline-image{width:150px;vertical-align:baseline;}<\/style>\n<h4 class=\"kt-adv-heading956_a6fee2-49 wp-block-kadence-advancedheading has-theme-palette-4-color has-text-color\" data-kb-block=\"kb-adv-heading956_a6fee2-49\">Novogodi\u0161nja ponuda<\/h4>\n\n\n<style>.wp-block-kadence-advancedheading.kt-adv-heading956_a902ff-4b, .wp-block-kadence-advancedheading.kt-adv-heading956_a902ff-4b[data-kb-block=\"kb-adv-heading956_a902ff-4b\"]{font-style:normal;}.wp-block-kadence-advancedheading.kt-adv-heading956_a902ff-4b mark.kt-highlight, .wp-block-kadence-advancedheading.kt-adv-heading956_a902ff-4b[data-kb-block=\"kb-adv-heading956_a902ff-4b\"] mark.kt-highlight{font-style:normal;color:#f76a0c;-webkit-box-decoration-break:clone;box-decoration-break:clone;padding-top:0px;padding-right:0px;padding-bottom:0px;padding-left:0px;}.wp-block-kadence-advancedheading.kt-adv-heading956_a902ff-4b img.kb-inline-image, .wp-block-kadence-advancedheading.kt-adv-heading956_a902ff-4b[data-kb-block=\"kb-adv-heading956_a902ff-4b\"] img.kb-inline-image{width:150px;vertical-align:baseline;}<\/style>\n<p class=\"kt-adv-heading956_a902ff-4b wp-block-kadence-advancedheading has-theme-palette-4-color has-text-color\" data-kb-block=\"kb-adv-heading956_a902ff-4b\">U\u0111ite u svijet luksuza sa na\u0161im apartmanima i proslavite novu godinu sa nevjerovatnim do\u017eivljajem udobnosti i elegancije. Prostrano i moderno, vrhunski sadr\u017eaji stvaraju savr\u0161en ambijent!<\/p>\n\n\n<style>.wp-block-kadence-advancedbtn.kb-btns956_7211df-16{gap:var(--global-kb-gap-xs, 0.5rem );justify-content:flex-start;align-items:center;}.kt-btns956_7211df-16 .kt-button{font-weight:normal;font-style:normal;}<\/style>\n<div class=\"wp-block-kadence-advancedbtn kb-buttons-wrap kb-btns956_7211df-16\"><style>ul.menu .wp-block-kadence-advancedbtn .kb-btn956_8345f3-f9.kb-button{width:initial;}.wp-block-kadence-advancedbtn .kb-btn956_8345f3-f9.kb-button{color:var(--global-palette8, #F7FAFC);background:var(--global-palette2, #2B6CB0);}<\/style><a class=\"kb-button kt-button button kb-btn956_8345f3-f9 kt-btn-size-standard kt-btn-width-type-auto kb-btn-global-inherit  kt-btn-has-text-true kt-btn-has-svg-true  wp-block-button__link wp-block-kadence-singlebtn\" href=\"https:\/\/ecohotelelite.com\/kontakt\/\"><span class=\"kt-btn-inner-text\"><strong>Kontakt<\/strong><\/span><span class=\"kb-svg-icon-wrap kb-svg-icon-fe_chevronRight kt-btn-icon-side-right\"><svg viewBox=\"0 0 24 24\"  fill=\"none\" stroke=\"currentColor\" stroke-width=\"2\" stroke-linecap=\"round\" stroke-linejoin=\"round\" xmlns=\"http:\/\/www.w3.org\/2000\/svg\"  aria-hidden=\"true\"><polyline points=\"9 18 15 12 9 6\"\/><\/svg><\/span><\/a><\/div>\n<\/div><\/div>\n\n<\/div><\/div>","protected":false},"excerpt":{"rendered":"<p>Special Offers New Year&#039;s offer Enter the world of luxury with our apartments and celebrate the new year with an incredible experience of comfort and elegance. Spacious and modern, top facilities create a perfect ambiance!<\/p>","protected":false},"author":1,"featured_media":0,"parent":0,"menu_order":0,"comment_status":"closed","ping_status":"closed","template":"","meta":{"inline_featured_image":false,"_EventAllDay":false,"_EventTimezone":"","_EventStartDate":"","_EventEndDate":"","_EventStartDateUTC":"","_EventEndDateUTC":"","_EventShowMap":false,"_EventShowMapLink":false,"_EventURL":"","_EventCost":"","_EventCostDescription":"","_EventCurrencySymbol":"","_EventCurrencyCode":"","_EventCurrencyPosition":"","_EventDateTimeSeparator":"","_EventTimeRangeSeparator":"","_EventOrganizerID":[],"_EventVenueID":[],"_OrganizerEmail":"","_OrganizerPhone":"","_OrganizerWebsite":"","_VenueAddress":"","_VenueCity":"","_VenueCountry":"","_VenueProvince":"","_VenueState":"","_VenueZip":"","_VenuePhone":"","_VenueURL":"","_VenueStateProvince":"","_VenueLat":"","_VenueLng":"","_VenueShowMap":false,"_VenueShowMapLink":false,"_kadence_starter_templates_imported_post":true,"_kad_post_transparent":"","_kad_post_title":"","_kad_post_layout":"","_kad_post_sidebar_id":"","_kad_post_content_style":"","_kad_post_vertical_padding":"","_kad_post_feature":"","_kad_post_feature_position":"","_kad_post_header":false,"_kad_post_footer":false,"_kad_post_classname":"","footnotes":""},"class_list":["post-956","page","type-page","status-publish","hentry"],"_links":{"self":[{"href":"https:\/\/ecohotelelite.com\/en\/wp-json\/wp\/v2\/pages\/956","targetHints":{"allow":["GET"]}}],"collection":[{"href":"https:\/\/ecohotelelite.com\/en\/wp-json\/wp\/v2\/pages"}],"about":[{"href":"https:\/\/ecohotelelite.com\/en\/wp-json\/wp\/v2\/types\/page"}],"author":[{"embeddable":true,"href":"https:\/\/ecohotelelite.com\/en\/wp-json\/wp\/v2\/users\/1"}],"replies":[{"embeddable":true,"href":"https:\/\/ecohotelelite.com\/en\/wp-json\/wp\/v2\/comments?post=956"}],"version-history":[{"count":16,"href":"https:\/\/ecohotelelite.com\/en\/wp-json\/wp\/v2\/pages\/956\/revisions"}],"predecessor-version":[{"id":1354,"href":"https:\/\/ecohotelelite.com\/en\/wp-json\/wp\/v2\/pages\/956\/revisions\/1354"}],"wp:attachment":[{"href":"https:\/\/ecohotelelite.com\/en\/wp-json\/wp\/v2\/media?parent=956"}],"curies":[{"name":"wp","href":"https:\/\/api.w.org\/{rel}","templated":true}]}}